{"id":1235,"date":"2022-05-18T10:25:00","date_gmt":"2022-05-18T08:25:00","guid":{"rendered":"https:\/\/www.manfred-neumann-malerei.de\/?page_id=1235"},"modified":"2023-09-21T08:49:50","modified_gmt":"2023-09-21T06:49:50","slug":"konzeption","status":"publish","type":"page","link":"https:\/\/www.manfred-neumann-malerei.de\/en\/konzeption\/","title":{"rendered":"Conception"},"content":{"rendered":"<div data-elementor-type=\"wp-page\" data-elementor-id=\"1235\" class=\"elementor elementor-1235\">\n\t\t\t\t<div class=\"elementor-element elementor-element-118de4c e-flex e-con-boxed elementor-invisible e-con e-parent\" data-id=\"118de4c\" data-element_type=\"container\" data-e-type=\"container\" data-settings=\"{&quot;animation&quot;:&quot;fadeIn&quot;,&quot;animation_delay&quot;:300}\">\n\t\t\t\t\t<div class=\"e-con-inner\">\n\t\t<div class=\"elementor-element elementor-element-0a88290 e-con-full e-flex e-con e-child\" data-id=\"0a88290\" data-element_type=\"container\" data-e-type=\"container\">\n\t\t\t\t<div class=\"elementor-element elementor-element-44bb08b konze elementor-widget elementor-widget-text-editor\" data-id=\"44bb08b\" data-element_type=\"widget\" data-e-type=\"widget\" data-widget_type=\"text-editor.default\">\n\t\t\t\t<div class=\"elementor-widget-container\">\n\t\t\t\t\t\t\t\t\t<p>The work of Manfred Neumann presents itself in the form of a continuum. This continuum knows breaks and cracks and the coexistence of contrary perceptions. On the one hand it refers back to the tradition of the Renaissance, on the other it is a free play with different tools and techniques. Both principles complement each other. E.g. the aesthetic experience which comes from the for-its-own-sake use of paints, shapes and materials enters into the creation of a real world of objects.<br \/>Here and there one can feel the wish for harmony and beauty. Quite obvious is his love for fine lines and his passion for fabrics and materials. With respect to these qualities, reality inperceptably fades into the ideal, eventhough it is recorded with the meticulessness of a pencil's line. The difference between image and reality is but a nuance and it is precisely this which makes Neumann's aesthetic concept so unique.<br \/>Portraits, landscapes, nudes and still lifes \u2013 his major themes and topics \u2013 feature this concept.<br \/>For more than 10 Years Neumann has painted friends, aquaintances and celebrities of his home town and with more than 50 such works he has virtually become the city's chronicler. The composition and technique follow those of Renaissance artists like Holbein and Cranach. Like in the works of the latter, Neumann's subjects show an over-individual trait which makes them typical representatives of their time.<br \/>During the early 80ies he started \u2013 inpired by one commission \u2013 painting people and landscapes from the Oderbruch region. He captured the faces of farmers in psychologically and socially precise images and showed their homely environment as well as the surrounding countryside. Due to close contact with the fates of the individuals, the emotional content of his images became richer. Glaze technique changed to Alla-Prima and intense colours gave way to more restraint hues.\nThis change was accompanied by the creation of informal compositions.<br \/>Neumann's dualism may have been a problem of identity in the early days, today, however, it presents itself as determined principle of artistic creation always open for \"the new\".<\/p><p>Monika Tschirner <br \/><em>art expert<\/em><\/p>\t\t\t\t\t\t\t\t<\/div>\n\t\t\t\t<\/div>\n\t\t\t\t<\/div>\n\t\t\t\t\t<\/div>\n\t\t\t\t<\/div>\n\t\t\t\t<\/div>","protected":false},"excerpt":{"rendered":"<p>Manfred Neumanns Werk stellt sich nicht als Kontinuum dar. Es kennt Br\u00fcche und Spr\u00fcnge und die Gleichzeitigkeit kontr\u00e4rer Auffassungen. Einerseits wird auf die realistische Tradition seit der Renaissance Bezug genommen, andererseits das freie Spiel mit den Mitteln erprobt. Beide Prinzipien erg\u00e4nzen einander. Was z. B. an \u00e4sthetischen Erfahrungen aus dem zweckfreien Hantieren mit Farben, Formen &#8230; <a title=\"Conception\" class=\"read-more\" href=\"https:\/\/www.manfred-neumann-malerei.de\/en\/konzeption\/\" aria-label=\"Read more about Konzeption\">Read more<\/a><\/p>","protected":false},"author":1,"featured_media":0,"parent":0,"menu_order":30,"comment_status":"closed","ping_status":"closed","template":"","meta":{"footnotes":""},"class_list":["post-1235","page","type-page","status-publish"],"_links":{"self":[{"href":"https:\/\/www.manfred-neumann-malerei.de\/en\/wp-json\/wp\/v2\/pages\/1235","targetHints":{"allow":["GET"]}}],"collection":[{"href":"https:\/\/www.manfred-neumann-malerei.de\/en\/wp-json\/wp\/v2\/pages"}],"about":[{"href":"https:\/\/www.manfred-neumann-malerei.de\/en\/wp-json\/wp\/v2\/types\/page"}],"author":[{"embeddable":true,"href":"https:\/\/www.manfred-neumann-malerei.de\/en\/wp-json\/wp\/v2\/users\/1"}],"replies":[{"embeddable":true,"href":"https:\/\/www.manfred-neumann-malerei.de\/en\/wp-json\/wp\/v2\/comments?post=1235"}],"version-history":[{"count":18,"href":"https:\/\/www.manfred-neumann-malerei.de\/en\/wp-json\/wp\/v2\/pages\/1235\/revisions"}],"predecessor-version":[{"id":2259,"href":"https:\/\/www.manfred-neumann-malerei.de\/en\/wp-json\/wp\/v2\/pages\/1235\/revisions\/2259"}],"wp:attachment":[{"href":"https:\/\/www.manfred-neumann-malerei.de\/en\/wp-json\/wp\/v2\/media?parent=1235"}],"curies":[{"name":"wp","href":"https:\/\/api.w.org\/{rel}","templated":true}]}}