{"id":1243,"date":"2022-05-18T10:28:18","date_gmt":"2022-05-18T08:28:18","guid":{"rendered":"https:\/\/www.manfred-neumann-malerei.de\/?page_id=1243"},"modified":"2023-09-21T08:47:19","modified_gmt":"2023-09-21T06:47:19","slug":"biografie","status":"publish","type":"page","link":"https:\/\/www.manfred-neumann-malerei.de\/en\/biografie\/","title":{"rendered":"Biography"},"content":{"rendered":"<div data-elementor-type=\"wp-page\" data-elementor-id=\"1243\" class=\"elementor elementor-1243\">\n\t\t\t\t<div class=\"elementor-element elementor-element-2132f06 e-flex e-con-boxed elementor-invisible e-con e-parent\" data-id=\"2132f06\" data-element_type=\"container\" data-e-type=\"container\" data-settings=\"{&quot;animation&quot;:&quot;fadeIn&quot;,&quot;animation_delay&quot;:300}\">\n\t\t\t\t\t<div class=\"e-con-inner\">\n\t\t<div class=\"elementor-element elementor-element-fd2cf44 e-con-full e-flex e-con e-child\" data-id=\"fd2cf44\" data-element_type=\"container\" data-e-type=\"container\">\n\t\t\t\t<div class=\"elementor-element elementor-element-37f4afd manf elementor-widget elementor-widget-image\" data-id=\"37f4afd\" data-element_type=\"widget\" data-e-type=\"widget\" data-widget_type=\"image.default\">\n\t\t\t\t<div class=\"elementor-widget-container\">\n\t\t\t\t\t\t\t\t\t\t\t\t\t\t\t<img fetchpriority=\"high\" decoding=\"async\" width=\"500\" height=\"300\" src=\"https:\/\/www.manfred-neumann-malerei.de\/wp-content\/uploads\/2022\/05\/foto-manfred-neumann-malerei-frankfurt-oder-an-der-oder.jpg\" class=\"attachment-large size-large wp-image-1593\" alt=\"\" srcset=\"https:\/\/www.manfred-neumann-malerei.de\/wp-content\/uploads\/2022\/05\/foto-manfred-neumann-malerei-frankfurt-oder-an-der-oder.jpg 500w, https:\/\/www.manfred-neumann-malerei.de\/wp-content\/uploads\/2022\/05\/foto-manfred-neumann-malerei-frankfurt-oder-an-der-oder-300x180.jpg 300w\" sizes=\"(max-width: 500px) 100vw, 500px\" \/>\t\t\t\t\t\t\t\t\t\t\t\t\t\t\t<\/div>\n\t\t\t\t<\/div>\n\t\t\t\t<\/div>\n\t\t\t\t\t<\/div>\n\t\t\t\t<\/div>\n\t\t\t\t<section class=\"elementor-section elementor-top-section elementor-element elementor-element-fafe618 elementor-section-boxed elementor-section-height-default elementor-section-height-default elementor-invisible\" data-id=\"fafe618\" data-element_type=\"section\" data-e-type=\"section\" data-settings=\"{&quot;animation&quot;:&quot;fadeIn&quot;,&quot;animation_delay&quot;:300}\">\n\t\t\t\t\t\t<div class=\"elementor-container elementor-column-gap-default\">\n\t\t\t\t\t<div class=\"elementor-column elementor-col-100 elementor-top-column elementor-element elementor-element-ddf3b4b\" data-id=\"ddf3b4b\" data-element_type=\"column\" data-e-type=\"column\">\n\t\t\t<div class=\"elementor-widget-wrap\">\n\t\t\t\t\t\t\t<\/div>\n\t\t<\/div>\n\t\t\t\t\t<\/div>\n\t\t<\/section>\n\t\t<div class=\"elementor-element elementor-element-5798393 e-flex e-con-boxed elementor-invisible e-con e-parent\" data-id=\"5798393\" data-element_type=\"container\" data-e-type=\"container\" data-settings=\"{&quot;animation&quot;:&quot;fadeIn&quot;,&quot;animation_delay&quot;:300}\">\n\t\t\t\t\t<div class=\"e-con-inner\">\n\t\t<div class=\"elementor-element elementor-element-4ea9905 e-con-full e-flex e-con e-child\" data-id=\"4ea9905\" data-element_type=\"container\" data-e-type=\"container\">\n\t\t\t\t<div class=\"elementor-element elementor-element-c8c85da elementor-widget elementor-widget-text-editor\" data-id=\"c8c85da\" data-element_type=\"widget\" data-e-type=\"widget\" data-widget_type=\"text-editor.default\">\n\t\t\t\t<div class=\"elementor-widget-container\">\n\t\t\t\t\t\t\t\t\t<ul><li>Born in Gro\u00df Wei\u00dfensee (former East-Prussia) in 1938.<\/li><li>1952\u20131955 Apprenticeship as painter and decorator<\/li><li>1956\u20131959 Sudies at University of Applied Arts, Heiligendamm, Germany-East<\/li><li>1959\u20131964 Studies at University, Dresden (Kunstakademie)<\/li><li>1966 Freelance artist, member of the VBK, GDR<\/li><li>1978 Awarded Heinrich-von-Kleist-Award, County of Frankfurt\/Oder<\/li><li>1990\u20131997 Member of the VBK, Brandenburg, Germany<\/li><\/ul>\t\t\t\t\t\t\t\t<\/div>\n\t\t\t\t<\/div>\n\t\t\t\t<\/div>\n\t\t\t\t\t<\/div>\n\t\t\t\t<\/div>\n\t\t\t\t<\/div>","protected":false},"excerpt":{"rendered":"<p>1938 in Gross Weissensee (Ostpreu\u00dfen) geboren. 1952\u20131955 Malerlehre 1956\u20131959 Studium an der Fachschule f\u00fcr angewandte Kunst in Heiligendamm 1959\u20131964 Studium an der Hochschule f\u00fcr bildende K\u00fcnste in Dresden 1966 Beginn der freiberuflichen T\u00e4tigkeit, Mitglied des VBK der DDR 1978 Heinrich-von-Kleist-Kunstpreis des Rates des Bezirkes Frankfurt (Oder) 1990\u20131997 Mitglied des Brandenburgischen Verbandes Bildender K\u00fcnstler<\/p>","protected":false},"author":1,"featured_media":0,"parent":0,"menu_order":20,"comment_status":"closed","ping_status":"closed","template":"","meta":{"footnotes":""},"class_list":["post-1243","page","type-page","status-publish"],"_links":{"self":[{"href":"https:\/\/www.manfred-neumann-malerei.de\/en\/wp-json\/wp\/v2\/pages\/1243","targetHints":{"allow":["GET"]}}],"collection":[{"href":"https:\/\/www.manfred-neumann-malerei.de\/en\/wp-json\/wp\/v2\/pages"}],"about":[{"href":"https:\/\/www.manfred-neumann-malerei.de\/en\/wp-json\/wp\/v2\/types\/page"}],"author":[{"embeddable":true,"href":"https:\/\/www.manfred-neumann-malerei.de\/en\/wp-json\/wp\/v2\/users\/1"}],"replies":[{"embeddable":true,"href":"https:\/\/www.manfred-neumann-malerei.de\/en\/wp-json\/wp\/v2\/comments?post=1243"}],"version-history":[{"count":18,"href":"https:\/\/www.manfred-neumann-malerei.de\/en\/wp-json\/wp\/v2\/pages\/1243\/revisions"}],"predecessor-version":[{"id":2253,"href":"https:\/\/www.manfred-neumann-malerei.de\/en\/wp-json\/wp\/v2\/pages\/1243\/revisions\/2253"}],"wp:attachment":[{"href":"https:\/\/www.manfred-neumann-malerei.de\/en\/wp-json\/wp\/v2\/media?parent=1243"}],"curies":[{"name":"wp","href":"https:\/\/api.w.org\/{rel}","templated":true}]}}