{"id":1584,"date":"2022-05-23T10:48:39","date_gmt":"2022-05-23T08:48:39","guid":{"rendered":"https:\/\/www.manfred-neumann-malerei.de\/?page_id=1584"},"modified":"2023-09-21T09:02:27","modified_gmt":"2023-09-21T07:02:27","slug":"impressum","status":"publish","type":"page","link":"https:\/\/www.manfred-neumann-malerei.de\/en\/impressum\/","title":{"rendered":"Imprint"},"content":{"rendered":"<div data-elementor-type=\"wp-page\" data-elementor-id=\"1584\" class=\"elementor elementor-1584\">\n\t\t\t\t<div class=\"elementor-element elementor-element-143df48 e-flex e-con-boxed elementor-invisible e-con e-parent\" data-id=\"143df48\" data-element_type=\"container\" data-e-type=\"container\" data-settings=\"{&quot;animation&quot;:&quot;fadeIn&quot;,&quot;animation_delay&quot;:300}\">\n\t\t\t\t\t<div class=\"e-con-inner\">\n\t\t<div class=\"elementor-element elementor-element-99435e0 e-con-full e-flex e-con e-child\" data-id=\"99435e0\" data-element_type=\"container\" data-e-type=\"container\">\n\t\t\t\t<div class=\"elementor-element elementor-element-e1dbd8d elementor-widget elementor-widget-text-editor\" data-id=\"e1dbd8d\" data-element_type=\"widget\" data-e-type=\"widget\" data-widget_type=\"text-editor.default\">\n\t\t\t\t<div class=\"elementor-widget-container\">\n\t\t\t\t\t\t\t\t\t<p><strong>Manfred Neumann - Painter &amp; Graphic Artist<\/strong><br \/><strong>Ferdinandstra\u00dfe 1 \u2022 15230 Frankfurt\/Oder<\/strong><br \/><strong>Phone: 0335\/323416<\/strong><br \/><strong><a href=\"\/en\/&\/#109;&#97;&#x69;&#x6c;&#116;&#111;&#x3a;&#x69;&#110;&#102;&#x6f;&#x40;&#109;&#97;&#x6e;&#x66;&#114;&#101;&#x64;&#x2d;&#110;&#101;&#x75;&#x6d;&#97;&#110;&#x6e;&#x2d;&#109;&#97;&#x6c;&#x65;&#114;&#101;&#x69;&#x2e;&#100;&#101;\">in&#102;&#111;&#64;&#x6d;&#x61;&#x6e;&#x66;&#x72;ed&#45;&#110;&#101;&#x75;&#x6d;&#x61;&#x6e;&#x6e;-m&#97;&#108;&#101;&#x72;&#x65;&#x69;&#x2e;&#x64;e<\/a><\/strong><\/p><p class=\"translation-block\"><strong>Liability notice:<\/strong> Despite careful control of the content, I assume no liability for the content of external links. The operators of the linked pages are solely responsible for their content.<\/p>\t\t\t\t\t\t\t\t<\/div>\n\t\t\t\t<\/div>\n\t\t\t\t<\/div>\n\t\t\t\t\t<\/div>\n\t\t\t\t<\/div>\n\t\t\t\t<\/div>","protected":false},"excerpt":{"rendered":"<p>Manfred Neumann \u2022 Maler &amp; GrafikerFerdinandstra\u00dfe 1 \u2022 15230 Frankfurt\/OderTelefon: 0335\/323416&#105;&#x6e;&#x66;&#111;&#x40;&#x6d;a&#x6e;&#x66;r&#101;&#x64;-&#110;&#x65;u&#109;&#x61;n&#110;&#x2d;m&#97;&#x6c;&#x65;&#114;&#x65;&#x69;&#46;&#x64;&#x65; Haftungshinweis: Trotz sorgf\u00e4ltiger inhaltlicher Kontrolle \u00fcbernehme ich keine Haftung f\u00fcr die Inhalte externer Links. F\u00fcr den Inhalt der verlinkten Seiten sind ausschlie\u00dflich deren Betreiber verantwortlich.<\/p>","protected":false},"author":1,"featured_media":0,"parent":0,"menu_order":120,"comment_status":"closed","ping_status":"closed","template":"","meta":{"footnotes":""},"class_list":["post-1584","page","type-page","status-publish"],"_links":{"self":[{"href":"https:\/\/www.manfred-neumann-malerei.de\/en\/wp-json\/wp\/v2\/pages\/1584","targetHints":{"allow":["GET"]}}],"collection":[{"href":"https:\/\/www.manfred-neumann-malerei.de\/en\/wp-json\/wp\/v2\/pages"}],"about":[{"href":"https:\/\/www.manfred-neumann-malerei.de\/en\/wp-json\/wp\/v2\/types\/page"}],"author":[{"embeddable":true,"href":"https:\/\/www.manfred-neumann-malerei.de\/en\/wp-json\/wp\/v2\/users\/1"}],"replies":[{"embeddable":true,"href":"https:\/\/www.manfred-neumann-malerei.de\/en\/wp-json\/wp\/v2\/comments?post=1584"}],"version-history":[{"count":30,"href":"https:\/\/www.manfred-neumann-malerei.de\/en\/wp-json\/wp\/v2\/pages\/1584\/revisions"}],"predecessor-version":[{"id":2283,"href":"https:\/\/www.manfred-neumann-malerei.de\/en\/wp-json\/wp\/v2\/pages\/1584\/revisions\/2283"}],"wp:attachment":[{"href":"https:\/\/www.manfred-neumann-malerei.de\/en\/wp-json\/wp\/v2\/media?parent=1584"}],"curies":[{"name":"wp","href":"https:\/\/api.w.org\/{rel}","templated":true}]}}